{"id":3941,"date":"2025-01-29T16:13:30","date_gmt":"2025-01-29T15:13:30","guid":{"rendered":"https:\/\/cooner.cz\/?page_id=3941"},"modified":"2025-08-06T07:14:42","modified_gmt":"2025-08-06T06:14:42","slug":"certifikaty","status":"publish","type":"page","link":"https:\/\/cooner.cz\/en\/certifikaty\/","title":{"rendered":"Certificates"},"content":{"rendered":"<div data-elementor-type=\"wp-page\" data-elementor-id=\"3941\" class=\"elementor elementor-3941\" data-elementor-post-type=\"page\">\n\t\t\t\t<div class=\"elementor-element elementor-element-55559e8 e-flex e-con-boxed e-con e-parent\" data-id=\"55559e8\" data-element_type=\"container\" data-e-type=\"container\" data-settings=\"{&quot;background_background&quot;:&quot;classic&quot;}\">\n\t\t\t\t\t<div class=\"e-con-inner\">\n\t\t\t\t\t<\/div>\n\t\t\t\t<\/div>\n\t\t<div class=\"elementor-element elementor-element-aefac54 e-flex e-con-boxed elementor-invisible e-con e-parent\" data-id=\"aefac54\" data-element_type=\"container\" data-e-type=\"container\" data-settings=\"{&quot;animation&quot;:&quot;fadeInUp&quot;}\">\n\t\t\t\t\t<div class=\"e-con-inner\">\n\t\t<div class=\"elementor-element elementor-element-08bfdc9 e-con-full e-flex e-con e-child\" data-id=\"08bfdc9\" data-element_type=\"container\" data-e-type=\"container\">\n\t\t\t\t<div class=\"elementor-element elementor-element-f89e3ab elementor-widget elementor-widget-heading\" data-id=\"f89e3ab\" data-element_type=\"widget\" data-e-type=\"widget\" data-widget_type=\"heading.default\">\n\t\t\t\t<div class=\"elementor-widget-container\">\n\t\t\t\t\t<h2 class=\"elementor-heading-title elementor-size-default\">We are holders of these certificates<\/h2>\t\t\t\t<\/div>\n\t\t\t\t<\/div>\n\t\t\t\t<\/div>\n\t\t\t\t\t<\/div>\n\t\t\t\t<\/div>\n\t\t<div class=\"elementor-element elementor-element-98b81b7 e-flex e-con-boxed e-con e-parent\" data-id=\"98b81b7\" data-element_type=\"container\" data-e-type=\"container\" data-settings=\"{&quot;background_background&quot;:&quot;classic&quot;}\">\n\t\t\t\t\t<div class=\"e-con-inner\">\n\t\t<div class=\"elementor-element elementor-element-68e9a84 e-con-full e-flex e-con e-child\" data-id=\"68e9a84\" data-element_type=\"container\" data-e-type=\"container\">\n\t\t\t\t<div class=\"elementor-element elementor-element-d47d5c5 elementor-widget elementor-widget-image\" data-id=\"d47d5c5\" data-element_type=\"widget\" data-e-type=\"widget\" data-widget_type=\"image.default\">\n\t\t\t\t<div class=\"elementor-widget-container\">\n\t\t\t\t\t\t\t\t\t\t\t\t\t\t\t\t<a href=\"https:\/\/cooner.cz\/wp-content\/uploads\/2025\/08\/666-2025-SC-Q-Cooner-s.r.o.pdf\">\n\t\t\t\t\t\t\t<img loading=\"lazy\" decoding=\"async\" width=\"257\" height=\"362\" src=\"https:\/\/cooner.cz\/wp-content\/uploads\/2025\/01\/Snimek-obrazovky-2025-01-29-162319.png\" class=\"attachment-large size-large wp-image-3948\" alt=\"\" srcset=\"https:\/\/cooner.cz\/wp-content\/uploads\/2025\/01\/Snimek-obrazovky-2025-01-29-162319.png 257w, https:\/\/cooner.cz\/wp-content\/uploads\/2025\/01\/Snimek-obrazovky-2025-01-29-162319-213x300.png 213w\" sizes=\"auto, (max-width: 257px) 100vw, 257px\" \/>\t\t\t\t\t\t\t\t<\/a>\n\t\t\t\t\t\t\t\t\t\t\t\t\t\t\t<\/div>\n\t\t\t\t<\/div>\n\t\t\t\t<div class=\"elementor-element elementor-element-a3e2655 elementor-widget elementor-widget-heading\" data-id=\"a3e2655\" data-element_type=\"widget\" data-e-type=\"widget\" data-widget_type=\"heading.default\">\n\t\t\t\t<div class=\"elementor-widget-container\">\n\t\t\t\t\t<h2 class=\"elementor-heading-title elementor-size-default\">ISO 9001:2016 (CZ)<\/h2>\t\t\t\t<\/div>\n\t\t\t\t<\/div>\n\t\t\t\t<\/div>\n\t\t<div class=\"elementor-element elementor-element-4b21b17 e-con-full e-flex e-con e-child\" data-id=\"4b21b17\" data-element_type=\"container\" data-e-type=\"container\">\n\t\t\t\t<div class=\"elementor-element elementor-element-0f0f2f1 elementor-widget elementor-widget-image\" data-id=\"0f0f2f1\" data-element_type=\"widget\" data-e-type=\"widget\" data-widget_type=\"image.default\">\n\t\t\t\t<div class=\"elementor-widget-container\">\n\t\t\t\t\t\t\t\t\t\t\t\t\t\t\t\t<a href=\"https:\/\/cooner.cz\/wp-content\/uploads\/2025\/08\/666-2025-SC-Q-Cooner-s.r.o.-anglicky.pdf\">\n\t\t\t\t\t\t\t<img loading=\"lazy\" decoding=\"async\" width=\"256\" height=\"362\" src=\"https:\/\/cooner.cz\/wp-content\/uploads\/2025\/01\/Snimek-obrazovky-2025-01-29-162856.png\" class=\"attachment-large size-large wp-image-3950\" alt=\"\" srcset=\"https:\/\/cooner.cz\/wp-content\/uploads\/2025\/01\/Snimek-obrazovky-2025-01-29-162856.png 256w, https:\/\/cooner.cz\/wp-content\/uploads\/2025\/01\/Snimek-obrazovky-2025-01-29-162856-212x300.png 212w\" sizes=\"auto, (max-width: 256px) 100vw, 256px\" \/>\t\t\t\t\t\t\t\t<\/a>\n\t\t\t\t\t\t\t\t\t\t\t\t\t\t\t<\/div>\n\t\t\t\t<\/div>\n\t\t\t\t<div class=\"elementor-element elementor-element-d3c83da elementor-widget elementor-widget-heading\" data-id=\"d3c83da\" data-element_type=\"widget\" data-e-type=\"widget\" data-widget_type=\"heading.default\">\n\t\t\t\t<div class=\"elementor-widget-container\">\n\t\t\t\t\t<h2 class=\"elementor-heading-title elementor-size-default\">ISO 9001:2016 (EN)<\/h2>\t\t\t\t<\/div>\n\t\t\t\t<\/div>\n\t\t\t\t<\/div>\n\t\t<div class=\"elementor-element elementor-element-31b23e2 e-con-full e-flex e-con e-child\" data-id=\"31b23e2\" data-element_type=\"container\" data-e-type=\"container\">\n\t\t\t\t<div class=\"elementor-element elementor-element-750be11 elementor-widget elementor-widget-image\" data-id=\"750be11\" data-element_type=\"widget\" data-e-type=\"widget\" data-widget_type=\"image.default\">\n\t\t\t\t<div class=\"elementor-widget-container\">\n\t\t\t\t\t\t\t\t\t\t\t\t\t\t\t\t<a href=\"https:\/\/cooner.cz\/wp-content\/uploads\/2025\/01\/eko-kom1.pdf\">\n\t\t\t\t\t\t\t<img loading=\"lazy\" decoding=\"async\" width=\"245\" height=\"352\" src=\"https:\/\/cooner.cz\/wp-content\/uploads\/2025\/01\/Snimek-obrazovky-2025-01-29-162337.png\" class=\"attachment-large size-large wp-image-3947\" alt=\"\" srcset=\"https:\/\/cooner.cz\/wp-content\/uploads\/2025\/01\/Snimek-obrazovky-2025-01-29-162337.png 245w, https:\/\/cooner.cz\/wp-content\/uploads\/2025\/01\/Snimek-obrazovky-2025-01-29-162337-209x300.png 209w\" sizes=\"auto, (max-width: 245px) 100vw, 245px\" \/>\t\t\t\t\t\t\t\t<\/a>\n\t\t\t\t\t\t\t\t\t\t\t\t\t\t\t<\/div>\n\t\t\t\t<\/div>\n\t\t\t\t<div class=\"elementor-element elementor-element-43e111d elementor-widget elementor-widget-heading\" data-id=\"43e111d\" data-element_type=\"widget\" data-e-type=\"widget\" data-widget_type=\"heading.default\">\n\t\t\t\t<div class=\"elementor-widget-container\">\n\t\t\t\t\t<h2 class=\"elementor-heading-title elementor-size-default\">EKO-KOM<\/h2>\t\t\t\t<\/div>\n\t\t\t\t<\/div>\n\t\t\t\t<\/div>\n\t\t\t\t\t<\/div>\n\t\t\t\t<\/div>\n\t\t\t\t<\/div>","protected":false},"excerpt":{"rendered":"<p>Jsme dr\u017eiteli t\u011bchto certifik\u00e1t\u016f ISO 9001:2016 (CZ) ISO 9001:2016 (EN) EKO-KOM<\/p>","protected":false},"author":2,"featured_media":1893,"parent":0,"menu_order":0,"comment_status":"closed","ping_status":"closed","template":"","meta":{"footnotes":""},"class_list":["post-3941","page","type-page","status-publish","has-post-thumbnail","hentry"],"yoast_head":"<!-- This site is optimized with the Yoast SEO plugin v27.3 - https:\/\/yoast.com\/product\/yoast-seo-wordpress\/ -->\n<title>Certifik\u00e1ty - Cooner<\/title>\n<meta name=\"description\" content=\"D\u016fv\u011b\u0159ujte na\u0161\u00ed kvalit\u011b. Jsme dr\u017eitelo certifik\u00e1tu ISO. Pln\u00edme sv\u00e9 povinnosti zajistit zp\u011btn\u00fd odb\u011br a vyu\u017eit\u00ed odpadu z obal\u016f.\" \/>\n<meta name=\"robots\" content=\"index, follow, max-snippet:-1, max-image-preview:large, max-video-preview:-1\" \/>\n<link rel=\"canonical\" href=\"https:\/\/cooner.cz\/en\/certifikaty\/\" \/>\n<meta property=\"og:locale\" content=\"en_GB\" \/>\n<meta property=\"og:type\" content=\"article\" \/>\n<meta property=\"og:title\" content=\"Certifik\u00e1ty - Cooner\" \/>\n<meta property=\"og:description\" content=\"D\u016fv\u011b\u0159ujte na\u0161\u00ed kvalit\u011b. Jsme dr\u017eitelo certifik\u00e1tu ISO. Pln\u00edme sv\u00e9 povinnosti zajistit zp\u011btn\u00fd odb\u011br a vyu\u017eit\u00ed odpadu z obal\u016f.\" \/>\n<meta property=\"og:url\" content=\"https:\/\/cooner.cz\/en\/certifikaty\/\" \/>\n<meta property=\"og:site_name\" content=\"Cooner\" \/>\n<meta property=\"article:modified_time\" content=\"2025-08-06T06:14:42+00:00\" \/>\n<meta property=\"og:image\" content=\"https:\/\/cooner.cz\/wp-content\/uploads\/2025\/01\/cropped-cropped-cooner-favicon.jpg\" \/>\n\t<meta property=\"og:image:width\" content=\"512\" \/>\n\t<meta property=\"og:image:height\" content=\"512\" \/>\n\t<meta property=\"og:image:type\" content=\"image\/jpeg\" \/>\n<meta name=\"twitter:card\" content=\"summary_large_image\" \/>\n<meta name=\"twitter:label1\" content=\"Estimated reading time\" \/>\n\t<meta name=\"twitter:data1\" content=\"1 minute\" \/>\n<script type=\"application\/ld+json\" class=\"yoast-schema-graph\">{\"@context\":\"https:\\\/\\\/schema.org\",\"@graph\":[{\"@type\":\"WebPage\",\"@id\":\"https:\\\/\\\/cooner.cz\\\/certifikaty\\\/\",\"url\":\"https:\\\/\\\/cooner.cz\\\/certifikaty\\\/\",\"name\":\"Certifik\u00e1ty - Cooner\",\"isPartOf\":{\"@id\":\"https:\\\/\\\/cooner.cz\\\/#website\"},\"primaryImageOfPage\":{\"@id\":\"https:\\\/\\\/cooner.cz\\\/certifikaty\\\/#primaryimage\"},\"image\":{\"@id\":\"https:\\\/\\\/cooner.cz\\\/certifikaty\\\/#primaryimage\"},\"thumbnailUrl\":\"https:\\\/\\\/cooner.cz\\\/wp-content\\\/uploads\\\/2025\\\/01\\\/cropped-cropped-cooner-favicon.jpg\",\"datePublished\":\"2025-01-29T15:13:30+00:00\",\"dateModified\":\"2025-08-06T06:14:42+00:00\",\"description\":\"D\u016fv\u011b\u0159ujte na\u0161\u00ed kvalit\u011b. Jsme dr\u017eitelo certifik\u00e1tu ISO. Pln\u00edme sv\u00e9 povinnosti zajistit zp\u011btn\u00fd odb\u011br a vyu\u017eit\u00ed odpadu z obal\u016f.\",\"breadcrumb\":{\"@id\":\"https:\\\/\\\/cooner.cz\\\/certifikaty\\\/#breadcrumb\"},\"inLanguage\":\"en-GB\",\"potentialAction\":[{\"@type\":\"ReadAction\",\"target\":[\"https:\\\/\\\/cooner.cz\\\/certifikaty\\\/\"]}]},{\"@type\":\"ImageObject\",\"inLanguage\":\"en-GB\",\"@id\":\"https:\\\/\\\/cooner.cz\\\/certifikaty\\\/#primaryimage\",\"url\":\"https:\\\/\\\/cooner.cz\\\/wp-content\\\/uploads\\\/2025\\\/01\\\/cropped-cropped-cooner-favicon.jpg\",\"contentUrl\":\"https:\\\/\\\/cooner.cz\\\/wp-content\\\/uploads\\\/2025\\\/01\\\/cropped-cropped-cooner-favicon.jpg\",\"width\":512,\"height\":512,\"caption\":\"Hlava M\u00fdvala, \u010dern\u00e9 logo spole\u010dnosti Cooner\"},{\"@type\":\"BreadcrumbList\",\"@id\":\"https:\\\/\\\/cooner.cz\\\/certifikaty\\\/#breadcrumb\",\"itemListElement\":[{\"@type\":\"ListItem\",\"position\":1,\"name\":\"Dom\u016f\",\"item\":\"https:\\\/\\\/cooner.cz\\\/\"},{\"@type\":\"ListItem\",\"position\":2,\"name\":\"Certifik\u00e1ty\"}]},{\"@type\":\"WebSite\",\"@id\":\"https:\\\/\\\/cooner.cz\\\/#website\",\"url\":\"https:\\\/\\\/cooner.cz\\\/\",\"name\":\"Cooner\",\"description\":\"Specialist\u00e9 na obalov\u00e9 materi\u00e1ly\",\"publisher\":{\"@id\":\"https:\\\/\\\/cooner.cz\\\/#organization\"},\"potentialAction\":[{\"@type\":\"SearchAction\",\"target\":{\"@type\":\"EntryPoint\",\"urlTemplate\":\"https:\\\/\\\/cooner.cz\\\/?s={search_term_string}\"},\"query-input\":{\"@type\":\"PropertyValueSpecification\",\"valueRequired\":true,\"valueName\":\"search_term_string\"}}],\"inLanguage\":\"en-GB\"},{\"@type\":\"Organization\",\"@id\":\"https:\\\/\\\/cooner.cz\\\/#organization\",\"name\":\"Cooner s.r.o.\",\"alternateName\":\"Cooner\",\"url\":\"https:\\\/\\\/cooner.cz\\\/\",\"logo\":{\"@type\":\"ImageObject\",\"inLanguage\":\"en-GB\",\"@id\":\"https:\\\/\\\/cooner.cz\\\/#\\\/schema\\\/logo\\\/image\\\/\",\"url\":\"https:\\\/\\\/cooner.cz\\\/wp-content\\\/uploads\\\/2025\\\/01\\\/cooner-logo.png\",\"contentUrl\":\"https:\\\/\\\/cooner.cz\\\/wp-content\\\/uploads\\\/2025\\\/01\\\/cooner-logo.png\",\"width\":579,\"height\":116,\"caption\":\"Cooner s.r.o.\"},\"image\":{\"@id\":\"https:\\\/\\\/cooner.cz\\\/#\\\/schema\\\/logo\\\/image\\\/\"}}]}<\/script>\n<!-- \/ Yoast SEO plugin. -->","yoast_head_json":{"title":"Certifik\u00e1ty - Cooner","description":"D\u016fv\u011b\u0159ujte na\u0161\u00ed kvalit\u011b. Jsme dr\u017eitelo certifik\u00e1tu ISO. Pln\u00edme sv\u00e9 povinnosti zajistit zp\u011btn\u00fd odb\u011br a vyu\u017eit\u00ed odpadu z obal\u016f.","robots":{"index":"index","follow":"follow","max-snippet":"max-snippet:-1","max-image-preview":"max-image-preview:large","max-video-preview":"max-video-preview:-1"},"canonical":"https:\/\/cooner.cz\/en\/certifikaty\/","og_locale":"en_GB","og_type":"article","og_title":"Certifik\u00e1ty - Cooner","og_description":"D\u016fv\u011b\u0159ujte na\u0161\u00ed kvalit\u011b. Jsme dr\u017eitelo certifik\u00e1tu ISO. Pln\u00edme sv\u00e9 povinnosti zajistit zp\u011btn\u00fd odb\u011br a vyu\u017eit\u00ed odpadu z obal\u016f.","og_url":"https:\/\/cooner.cz\/en\/certifikaty\/","og_site_name":"Cooner","article_modified_time":"2025-08-06T06:14:42+00:00","og_image":[{"width":512,"height":512,"url":"https:\/\/cooner.cz\/wp-content\/uploads\/2025\/01\/cropped-cropped-cooner-favicon.jpg","type":"image\/jpeg"}],"twitter_card":"summary_large_image","twitter_misc":{"Estimated reading time":"1 minute"},"schema":{"@context":"https:\/\/schema.org","@graph":[{"@type":"WebPage","@id":"https:\/\/cooner.cz\/certifikaty\/","url":"https:\/\/cooner.cz\/certifikaty\/","name":"Certifik\u00e1ty - Cooner","isPartOf":{"@id":"https:\/\/cooner.cz\/#website"},"primaryImageOfPage":{"@id":"https:\/\/cooner.cz\/certifikaty\/#primaryimage"},"image":{"@id":"https:\/\/cooner.cz\/certifikaty\/#primaryimage"},"thumbnailUrl":"https:\/\/cooner.cz\/wp-content\/uploads\/2025\/01\/cropped-cropped-cooner-favicon.jpg","datePublished":"2025-01-29T15:13:30+00:00","dateModified":"2025-08-06T06:14:42+00:00","description":"D\u016fv\u011b\u0159ujte na\u0161\u00ed kvalit\u011b. Jsme dr\u017eitelo certifik\u00e1tu ISO. Pln\u00edme sv\u00e9 povinnosti zajistit zp\u011btn\u00fd odb\u011br a vyu\u017eit\u00ed odpadu z obal\u016f.","breadcrumb":{"@id":"https:\/\/cooner.cz\/certifikaty\/#breadcrumb"},"inLanguage":"en-GB","potentialAction":[{"@type":"ReadAction","target":["https:\/\/cooner.cz\/certifikaty\/"]}]},{"@type":"ImageObject","inLanguage":"en-GB","@id":"https:\/\/cooner.cz\/certifikaty\/#primaryimage","url":"https:\/\/cooner.cz\/wp-content\/uploads\/2025\/01\/cropped-cropped-cooner-favicon.jpg","contentUrl":"https:\/\/cooner.cz\/wp-content\/uploads\/2025\/01\/cropped-cropped-cooner-favicon.jpg","width":512,"height":512,"caption":"Hlava M\u00fdvala, \u010dern\u00e9 logo spole\u010dnosti Cooner"},{"@type":"BreadcrumbList","@id":"https:\/\/cooner.cz\/certifikaty\/#breadcrumb","itemListElement":[{"@type":"ListItem","position":1,"name":"Dom\u016f","item":"https:\/\/cooner.cz\/"},{"@type":"ListItem","position":2,"name":"Certifik\u00e1ty"}]},{"@type":"WebSite","@id":"https:\/\/cooner.cz\/#website","url":"https:\/\/cooner.cz\/","name":"Cooner","description":"Specialist\u00e9 na obalov\u00e9 materi\u00e1ly","publisher":{"@id":"https:\/\/cooner.cz\/#organization"},"potentialAction":[{"@type":"SearchAction","target":{"@type":"EntryPoint","urlTemplate":"https:\/\/cooner.cz\/?s={search_term_string}"},"query-input":{"@type":"PropertyValueSpecification","valueRequired":true,"valueName":"search_term_string"}}],"inLanguage":"en-GB"},{"@type":"Organization","@id":"https:\/\/cooner.cz\/#organization","name":"Cooner s.r.o.","alternateName":"Cooner","url":"https:\/\/cooner.cz\/","logo":{"@type":"ImageObject","inLanguage":"en-GB","@id":"https:\/\/cooner.cz\/#\/schema\/logo\/image\/","url":"https:\/\/cooner.cz\/wp-content\/uploads\/2025\/01\/cooner-logo.png","contentUrl":"https:\/\/cooner.cz\/wp-content\/uploads\/2025\/01\/cooner-logo.png","width":579,"height":116,"caption":"Cooner s.r.o."},"image":{"@id":"https:\/\/cooner.cz\/#\/schema\/logo\/image\/"}}]}},"jetpack_sharing_enabled":true,"_links":{"self":[{"href":"https:\/\/cooner.cz\/en\/wp-json\/wp\/v2\/pages\/3941","targetHints":{"allow":["GET"]}}],"collection":[{"href":"https:\/\/cooner.cz\/en\/wp-json\/wp\/v2\/pages"}],"about":[{"href":"https:\/\/cooner.cz\/en\/wp-json\/wp\/v2\/types\/page"}],"author":[{"embeddable":true,"href":"https:\/\/cooner.cz\/en\/wp-json\/wp\/v2\/users\/2"}],"replies":[{"embeddable":true,"href":"https:\/\/cooner.cz\/en\/wp-json\/wp\/v2\/comments?post=3941"}],"version-history":[{"count":31,"href":"https:\/\/cooner.cz\/en\/wp-json\/wp\/v2\/pages\/3941\/revisions"}],"predecessor-version":[{"id":6094,"href":"https:\/\/cooner.cz\/en\/wp-json\/wp\/v2\/pages\/3941\/revisions\/6094"}],"wp:featuredmedia":[{"embeddable":true,"href":"https:\/\/cooner.cz\/en\/wp-json\/wp\/v2\/media\/1893"}],"wp:attachment":[{"href":"https:\/\/cooner.cz\/en\/wp-json\/wp\/v2\/media?parent=3941"}],"curies":[{"name":"wp","href":"https:\/\/api.w.org\/{rel}","templated":true}]}}